{"id":27,"date":"2013-03-10T04:27:39","date_gmt":"2013-03-10T04:27:39","guid":{"rendered":"http:\/\/crrftrial.ruralresilience.ca\/?page_id=27"},"modified":"2013-03-10T04:27:39","modified_gmt":"2013-03-10T04:27:39","slug":"activities","status":"publish","type":"page","link":"https:\/\/crrftrial.ruralresilience.ca\/?page_id=27","title":{"rendered":"Activities"},"content":{"rendered":"<p>CRRF is active in a number of research, policy, and practitioner based activities. At the moment, CRRF is involved in the following activities. For more information click on an activity below.<\/p>\n<ul>\n<li><a href=\"http:\/\/www.crrf.ca\/?page_id=171\">Annual Rural Policy Conference<\/a><\/li>\n<li><a href=\"http:\/\/www.crrf.ca\/?page_id=720\">Annual Rural Research Workshop<\/a><\/li>\n<li><a href=\"http:\/\/www.crrf.ca\/?page_id=246\">Inventory of Rural Research<\/a><\/li>\n<li><a href=\"http:\/\/www.crrf.ca\/?page_id=97\">l\u2019Universit\u00e9 rurale qu\u00e9b\u00e9coise<\/a><\/li>\n<li><a href=\"http:\/\/www.crrf.ca\/?page_id=104\">Linking Rural Research Centres<\/a><\/li>\n<li><a href=\"http:\/\/billreimer.net\/CRRF\/?page_id=99\">Rural-Urban Research Project<\/a><\/li>\n<li>Previous activities\n<ul>\n<li><a href=\"http:\/\/www.crrf.ca\/?page_id=95\">Canada \u2013 Japan Project<\/a><\/li>\n<li><a href=\"http:\/\/www.crrf.ca\/?page_id=190\">New Rural Economy Project<\/a><\/li>\n<\/ul>\n<\/li>\n<\/ul>\n","protected":false},"excerpt":{"rendered":"<p>CRRF is active in a number of research, policy, and practitioner based activities. At the moment, CRRF is involved in the following activities. For more information click on an activity below. Annual Rural Policy Conference Annual Rural Research Workshop Inventory of Rural Research l\u2019Universit\u00e9 rurale qu\u00e9b\u00e9coise Linking Rural Research Centres&#8230;<\/p>\n","protected":false},"author":4,"featured_media":0,"parent":0,"menu_order":0,"comment_status":"closed","ping_status":"open","template":"","meta":{"footnotes":""},"class_list":["post-27","page","type-page","status-publish","hentry"],"jetpack_sharing_enabled":true,"jetpack_shortlink":"https:\/\/wp.me\/P3gw5C-r","_links":{"self":[{"href":"https:\/\/crrftrial.ruralresilience.ca\/index.php?rest_route=\/wp\/v2\/pages\/27","targetHints":{"allow":["GET"]}}],"collection":[{"href":"https:\/\/crrftrial.ruralresilience.ca\/index.php?rest_route=\/wp\/v2\/pages"}],"about":[{"href":"https:\/\/crrftrial.ruralresilience.ca\/index.php?rest_route=\/wp\/v2\/types\/page"}],"author":[{"embeddable":true,"href":"https:\/\/crrftrial.ruralresilience.ca\/index.php?rest_route=\/wp\/v2\/users\/4"}],"replies":[{"embeddable":true,"href":"https:\/\/crrftrial.ruralresilience.ca\/index.php?rest_route=%2Fwp%2Fv2%2Fcomments&post=27"}],"version-history":[{"count":1,"href":"https:\/\/crrftrial.ruralresilience.ca\/index.php?rest_route=\/wp\/v2\/pages\/27\/revisions"}],"predecessor-version":[{"id":28,"href":"https:\/\/crrftrial.ruralresilience.ca\/index.php?rest_route=\/wp\/v2\/pages\/27\/revisions\/28"}],"wp:attachment":[{"href":"https:\/\/crrftrial.ruralresilience.ca\/index.php?rest_route=%2Fwp%2Fv2%2Fmedia&parent=27"}],"curies":[{"name":"wp","href":"https:\/\/api.w.org\/{rel}","templated":true}]}}