{"id":44,"date":"2013-03-10T04:33:06","date_gmt":"2013-03-10T04:33:06","guid":{"rendered":"http:\/\/crrftrial.ruralresilience.ca\/?page_id=44"},"modified":"2013-03-10T04:33:06","modified_gmt":"2013-03-10T04:33:06","slug":"links","status":"publish","type":"page","link":"https:\/\/crrftrial.ruralresilience.ca\/?page_id=44","title":{"rendered":"Links"},"content":{"rendered":"<h3>Government<\/h3>\n<ul>\n<li><a href=\"http:\/\/www.acoa-apeca.gc.ca\/\" target=\"_blank\">Atlantic Canada Opportunities Agency<\/a><\/li>\n<li><a href=\"http:\/\/www.north.gc.ca\/index-eng.asp\" target=\"_blank\">Canadian Northern Economic Development Agency<\/a><\/li>\n<li><a href=\"http:\/\/www.dec-ced.gc.ca\/\" target=\"_blank\">D\u00e9veloppement \u00e9conomique Canada pour les r\u00e9gions du Qu\u00e9bec<\/a><\/li>\n<li><a href=\"http:\/\/www.ic.gc.ca\/eic\/site\/fednor-fednor.nsf\/eng\/home\" target=\"_blank\">Federal Economic Development Initiative in Northern Ontario (FedNor)<\/a><\/li>\n<li><a href=\"http:\/\/www.feddevontario.gc.ca\/eic\/site\/723.nsf\/eng\/home\" target=\"_blank\">Federal Economic Development Agency for Southern Ontario (FedDev)<\/a><\/li>\n<li>Rural and Cooperatives Secretariat, Agriculture and Agri-Food Canada\n<ul>\n<li><a href=\"http:\/\/www.rural.gc.ca\/\" target=\"_blank\">Rural Secretariat<\/a><\/li>\n<li><a href=\"http:\/\/www.coop.gc.ca\/\" target=\"_blank\">Cooperatives Secretariat<\/a><\/li>\n<\/ul>\n<\/li>\n<li><a href=\"http:\/\/www.wd.gc.ca\/\" target=\"_blank\">Western Economic Diversification<\/a><\/li>\n<\/ul>\n<h3>Research, Universities, Colleges, and Academic Links<\/h3>\n<ul>\n<li><a href=\"http:\/\/billreimer.ca\/\" target=\"_blank\">Bill Reimer\u2019s WebWorkshop<\/a><\/li>\n<li><a href=\"http:\/\/crerl.usask.ca\/\" target=\"_blank\">Canada Rural Economy Research Labratory, University of Saskatchewan<\/a><\/li>\n<li><a href=\"http:\/\/crdt.uqar.ca\/\" target=\"_blank\">Centre de researche sur le d\u00e9veloppement territorial, Universit\u00e9 du Qu\u00e9bec \u00e0 Rimouski<\/a><\/li>\n<li><a href=\"http:\/\/www.unbc.ca\/cdi\/\" target=\"_blank\">Community Development Institute, University of Northern British Columbia<\/a><\/li>\n<li><a href=\"http:\/\/www.cid-bdc.ca\/welcome-bienvenue\" target=\"_blank\">Community Information Database\/Base de donn\u00e9es sur les collectivit\u00e9s<\/a><\/li>\n<li><a href=\"http:\/\/crrg.concordia.ca\/\" target=\"_blank\">Concordia University Rural Research Group<\/a><\/li>\n<li><a href=\"http:\/\/www.jrcd.ca\/\" target=\"_blank\">Journal of Rural and Community Development<\/a><\/li>\n<li><a href=\"http:\/\/www.labmit.org\/\" target=\"_blank\">Laboratoire de mod\u00e9lisation et d\u2019intelligence territoriale, Universit\u00e9 du Qu\u00e9bec en\u00a0Outaouais<\/a><\/li>\n<li><a href=\"http:\/\/www.mun.ca\/harriscentre\/index.php\" target=\"_blank\">Leslie Harris Centre for Regional Policy and Development, Memorial University\u00a0<\/a><\/li>\n<li><a href=\"http:\/\/nre.concordia.ca\/\" target=\"_blank\">New Rural Economy Project<\/a><\/li>\n<li><a href=\"http:\/\/pelaird.ca\/\" target=\"_blank\">Prince Edward\/Lennox and Addington Institute on Rural Development<\/a><\/li>\n<li><a href=\"http:\/\/www2.brandonu.ca\/organizations\/RDI\/\" target=\"_blank\">Rural Development Institute, Brandon University<\/a><\/li>\n<li><a href=\"http:\/\/www.uoguelph.ca\/~rsphd\/\">Rural Studies Program, University of Guelph<\/a><\/li>\n<li><a href=\"http:\/\/business.queensu.ca\/centres\/monieson\/index.php\" target=\"_blank\">The Monieson Centre, Queen\u2019s University<\/a><\/li>\n<li><a href=\"http:\/\/www.theruralcentre.com\/\" target=\"_blank\">The RURAL Centre, Dalhousie University<\/a><\/li>\n<li><a href=\"http:\/\/chrural.uqar.qc.ca\/urq\/\" target=\"_blank\">Universit\u00e9 rurale qu\u00e9b\u00e9coise<\/a><\/li>\n<\/ul>\n<h3>Organizations<\/h3>\n<ul>\n<li><a href=\"http:\/\/www.aic.ca\/\">The Agricultural Institute of Canada<\/a><\/li>\n<li><a href=\"http:\/\/www.ardn.ca\/\" target=\"_blank\">Alberta Rural Development Network<\/a><\/li>\n<li><a href=\"http:\/\/www.bcruralnetwork.ca\/\" target=\"_blank\">BC Rural Network<\/a><\/li>\n<li><a href=\"http:\/\/www.ccednet-rcdec.ca\/\" target=\"_blank\">Canadian Community Economic Development Network<\/a><\/li>\n<li><a href=\"http:\/\/ccrnrcrc.wordpress.com\/about\/\" target=\"_blank\">Canadian Cooperative Research Network\/R\u00e9seau canadien de recherche sur les coop\u00e9ratives<\/a><\/li>\n<li><a href=\"http:\/\/www.cip-icu.ca\/\" target=\"_blank\">Canadian Institute of Planners<\/a><\/li>\n<li><a href=\"http:\/\/rural-research-network.blogspot.com\/\" target=\"_blank\">Canadian Rural Resource Network<\/a><\/li>\n<li><a href=\"http:\/\/www.theciel.com\/\" target=\"_blank\">Centre for Innovative &amp; Entrepreneurial Leadership<\/a><\/li>\n<li><a href=\"http:\/\/www.cfc-fcc.ca\/\" target=\"_blank\">Community Foundations of Canada<\/a><\/li>\n<li><a href=\"http:\/\/www.communityfuturescanada.ca\/\" target=\"_blank\">Community Futures Network of Canada<\/a><\/li>\n<li><a href=\"http:\/\/www.fcm.ca\/\" target=\"_blank\">Federation of Canadian Municipalities<\/a><\/li>\n<li><a href=\"http:\/\/www.idrc.ca\/\" target=\"_blank\">International Development Research Centre<\/a><\/li>\n<li><a href=\"http:\/\/ruralontarioinstitute.ca\/\" target=\"_blank\">Rural Ontario Institute<\/a><\/li>\n<\/ul>\n<h3>International Links<\/h3>\n<ul>\n<li><a href=\"http:\/\/www.arkletontrust.co.uk\/\" target=\"_blank\">Arkleton Trust<\/a><\/li>\n<li><a href=\"http:\/\/www.intelligence-territoriale.eu\/\" target=\"_blank\">European Network of Territorial Intelligence<\/a><\/li>\n<li><a href=\"http:\/\/iclrd.org\/web\/\" target=\"_blank\">International Centre for Local and Regional Development<\/a><\/li>\n<li><a href=\"http:\/\/www.icrps.org\/\" target=\"_blank\">International Comparative Rural Policy Consortium<\/a><\/li>\n<li><a href=\"http:\/\/www.international-rural-network.org\/\" target=\"_blank\">International Rural Network<\/a><\/li>\n<li><a href=\"http:\/\/www.oecd.org\/\" target=\"_blank\">Organisation for Economic Cooperation and Development<\/a>\n<ul>\n<li><a href=\"http:\/\/www.oecd.org\/department\/0,3355,en_2649_33735_1_1_1_1_1,00.html\" target=\"_blank\">Directorate for Public Governance and Territorial Development<\/a><\/li>\n<li><a href=\"http:\/\/www.oecd.org\/about\/0,2337,en_2649_37429_1_1_1_1_37429,00.html\" target=\"_blank\">Regional, Rural and Urban Development<\/a><\/li>\n<\/ul>\n<\/li>\n<\/ul>\n<div>If you have a suggestion for additional hyperlink resources please\u00a0<a href=\"http:\/\/billreimer.net\/CRRF\/?page_id=237\">click here<\/a>.<\/div>\n","protected":false},"excerpt":{"rendered":"<p>Government Atlantic Canada Opportunities Agency Canadian Northern Economic Development Agency D\u00e9veloppement \u00e9conomique Canada pour les r\u00e9gions du Qu\u00e9bec Federal Economic Development Initiative in Northern Ontario (FedNor) Federal Economic Development Agency for Southern Ontario (FedDev) Rural and Cooperatives Secretariat, Agriculture and Agri-Food Canada Rural Secretariat Cooperatives Secretariat Western Economic Diversification Research,&#8230;<\/p>\n","protected":false},"author":4,"featured_media":0,"parent":39,"menu_order":0,"comment_status":"closed","ping_status":"open","template":"","meta":{"footnotes":""},"class_list":["post-44","page","type-page","status-publish","hentry"],"jetpack_sharing_enabled":true,"jetpack_shortlink":"https:\/\/wp.me\/P3gw5C-I","_links":{"self":[{"href":"https:\/\/crrftrial.ruralresilience.ca\/index.php?rest_route=\/wp\/v2\/pages\/44","targetHints":{"allow":["GET"]}}],"collection":[{"href":"https:\/\/crrftrial.ruralresilience.ca\/index.php?rest_route=\/wp\/v2\/pages"}],"about":[{"href":"https:\/\/crrftrial.ruralresilience.ca\/index.php?rest_route=\/wp\/v2\/types\/page"}],"author":[{"embeddable":true,"href":"https:\/\/crrftrial.ruralresilience.ca\/index.php?rest_route=\/wp\/v2\/users\/4"}],"replies":[{"embeddable":true,"href":"https:\/\/crrftrial.ruralresilience.ca\/index.php?rest_route=%2Fwp%2Fv2%2Fcomments&post=44"}],"version-history":[{"count":1,"href":"https:\/\/crrftrial.ruralresilience.ca\/index.php?rest_route=\/wp\/v2\/pages\/44\/revisions"}],"predecessor-version":[{"id":45,"href":"https:\/\/crrftrial.ruralresilience.ca\/index.php?rest_route=\/wp\/v2\/pages\/44\/revisions\/45"}],"up":[{"embeddable":true,"href":"https:\/\/crrftrial.ruralresilience.ca\/index.php?rest_route=\/wp\/v2\/pages\/39"}],"wp:attachment":[{"href":"https:\/\/crrftrial.ruralresilience.ca\/index.php?rest_route=%2Fwp%2Fv2%2Fmedia&parent=44"}],"curies":[{"name":"wp","href":"https:\/\/api.w.org\/{rel}","templated":true}]}}